{"id":7148,"date":"2021-11-29T12:01:01","date_gmt":"2021-11-29T02:01:01","guid":{"rendered":"https:\/\/bardonnews.com.au\/?page_id=7148"},"modified":"2021-11-29T12:02:12","modified_gmt":"2021-11-29T02:02:12","slug":"la-belle-vie-in-bardon-lives-up-to-the-promise-of-a-good-life","status":"publish","type":"page","link":"https:\/\/bardonnews.com.au\/index.php\/la-belle-vie-in-bardon-lives-up-to-the-promise-of-a-good-life\/","title":{"rendered":"La Belle Vie in Bardon Lives Up to the Promise of a &#8216;Good Life&#8217;"},"content":{"rendered":"\n<p><strong>For a taste of authentic French cuisine, La Belle Vie, located in the beautiful hills of Bardon, lives up to the promise of a &#8220;Good Life.&#8221; Led by head chef Samuel Perrin, the revitalised restaurant, which changed hands in mid-2020, has found the right recipe for success despite a challenging time for the industry<\/strong>.<\/p>\n\n\n\n<hr class=\"wp-block-separator\"\/>\n\n\n\n<p class=\"related\"><strong><em>Read: <a href=\"https:\/\/bardonnews.com.au\/index.php\/lutece-la-belle-vie\/\">Lut\u00e8ce in Bardon Reopens As La Belle Vie Bistro &amp; Bar <\/a><\/em><\/strong><\/p>\n\n\n\n<hr class=\"wp-block-separator\"\/>\n\n\n\n<p>Committed to giving diners the ultimate French dining experience, <a href=\"https:\/\/www.labellevie.com.au\/eat\">La Belle Vie&#8217;s menu<\/a> consists of classics like Ratatouille (roast vegetables), Haricot Verts (fried beans),&nbsp; escargot in butter, and a selection of sumptuous cured meats with Arnaud French rillette and pickles (charcuterie).&nbsp;<\/p>\n\n\n\n<p>For the entrees, the foie gras and Saint-Jacques (pan-seared scallops, truffle oil, sweet potatoes pur\u00e9e, crispy serrano) essentially paired with French baguette with butter, come highly recommended especially if this is your first time at the restaurant.<\/p>\n\n\n\n<figure class=\"wp-block-image\"><img decoding=\"async\" src=\"https:\/\/lh3.googleusercontent.com\/Ux2rKGSeE2ASeDm_mah5ViMPagTNwppqPmc4fZycBa0E2c0BnnoR8s_p5O0OwYL7R0Iv6drg13BpUa3m-txWp5vUaI65S_tVG0C7kYKtUOmqgOErdD81hyXLBBx3wfCy_SoKYI_e\" alt=\"\"\/><figcaption>Photo Credit: LaBelleVieBistro&amp;Bar\/Facebook<\/figcaption><\/figure>\n\n\n\n<figure class=\"wp-block-image\"><img decoding=\"async\" src=\"https:\/\/lh5.googleusercontent.com\/a5e9DW7zMQreRe_rP84Eg8D__OpdRqmQA-mjBNLotguhlBngDu7jfNWFMGWNY_Q4-TEsuCHdHU29NhKBbJWqlXzkkCXtp_VZ7nWtUSgUKUucr477g3Vq0BjbOeHoCOESonTcRqwq\" alt=\"\"\/><figcaption>Photo Credit: LaBelleVieBistro&amp;Bar\/Facebook<\/figcaption><\/figure>\n\n\n\n<figure class=\"wp-block-image\"><img decoding=\"async\" src=\"https:\/\/lh4.googleusercontent.com\/2X5iQuxARSL-z8ANsCj0-sE-X9pIix9DQAV2hAUQE6PWEz5Pje969w5tGaO-4HUSSVClYkPwAYhOZRrxDkBim7HeBKXXcgxsCjp8P3b8lTQXcVq7HlLZtRqBIBAS3YTl8ViQY8eE\" alt=\"\"\/><figcaption>Photo Credit: LaBelleVieBistro&amp;Bar\/Facebook<\/figcaption><\/figure>\n\n\n\n<p>Diners put a seal of approval for the Caille (quail coq au vin style with red wine sauce, bacon, mushrooms, onions and carrots) and the Margret (Aylesbury duck breast, honey &amp; spice sauce, mushrooms, roast chat potatoes), showcasing Perrin&#8217;s exceptional cooking technique. The ingredients used at the La Belle Vie kitchen are all locally-sourced and the chef perfectly plays up the tastes and texture, with the right consistency and temperature, once served to the guests.<\/p>\n\n\n\n<p>To cap the dining experience, La Belle Vie has a fantastic line-up of desserts, including the gorgeous tarte and cr\u00e8me br\u00fbl\u00e9e with a smidge of the authentic hardtop. Meanwhile, Jean-Jacques Peyre&#8217;s brilliant wine selection perfectly complements the chef&#8217;s menu.&nbsp;<\/p>\n\n\n\n<figure class=\"wp-block-image\"><img decoding=\"async\" src=\"https:\/\/lh4.googleusercontent.com\/miW7CK_WCpYMd8NAY48GGDZScuq-T1Rwf2EZewvZKThuvBNFBA9Lgwo1Or7QacuD8LT9vVKXN-4hj7QaRni9r0sKsaNnPwS6JPHLhLDeEVcxezGBjgprb0jsoWKpn9wk4ZisWsQF\" alt=\"\"\/><figcaption>Photo Credit: LaBelleVieBistro&amp;Bar\/Facebook<\/figcaption><\/figure>\n\n\n\n<p>Despite the lockdowns within the last 12 months, La Belle Vie has managed to host special COVID-safe events and private functions, which allowed the operations to thrive. Once the restrictions slowly eased off, the restaurant was also the premier choice for wine and lifestyle workshops.&nbsp;<\/p>\n\n\n\n<iframe src=\"https:\/\/www.facebook.com\/plugins\/post.php?href=https%3A%2F%2Fwww.facebook.com%2Flabellevie.bistro%2Fphotos%2Fa.127407470794731%2F1594049820797148%2F%3Ftype%3D3&amp;show_text=true&amp;width=800\" width=\"800\" height=\"760\" style=\"border:none;overflow:hidden\" scrolling=\"no\" frameborder=\"0\" allowfullscreen=\"true\" allow=\"autoplay; clipboard-write; encrypted-media; picture-in-picture; web-share\"><\/iframe>\n\n\n\n<iframe src=\"https:\/\/www.facebook.com\/plugins\/post.php?href=https%3A%2F%2Fwww.facebook.com%2Flabellevie.bistro%2Fphotos%2Fa.127407470794731%2F1577953209073476%2F%3Ftype%3D3&amp;show_text=true&amp;width=800\" width=\"800\" height=\"699\" style=\"border:none;overflow:hidden\" scrolling=\"no\" frameborder=\"0\" allowfullscreen=\"true\" allow=\"autoplay; clipboard-write; encrypted-media; picture-in-picture; web-share\"><\/iframe>\n\n\n\n<p>Meanwhile, it has been indeed a great start for La Belle Vie as was it named as one of the top four French restaurants at the <a href=\"https:\/\/www.rca.asn.au\/2021-seq-awards-excellence\">2021 SEQ Awards for Excellence for the Restaurant and Catering <\/a>category alongside Bisou Bisou in Fortitude Valley, Haig Rd Bistro in Auchenflower and the winner, Montrachet in Bowen Hills.&nbsp;<\/p>\n\n\n\n<p>For the menu, opening hours, workshops, functions, and bookings, check out their <a href=\"https:\/\/www.facebook.com\/labellevie.bistro\/?ref=page_internal\">Facebook page<\/a> for the details.&nbsp;<\/p>\n\n\n\n<hr class=\"wp-block-separator\"\/>\n\n\n\n<p class=\"related\"><strong><em>Read: <a href=\"https:\/\/bardonnews.com.au\/index.php\/bardon-property-market-continues-to-deliver-high-capital-growth-rates\/\">Bardon Property Market Continues to Deliver High Capital Growth Rates <\/a><\/em><\/strong><\/p>\n\n\n\n<hr class=\"wp-block-separator\"\/>\n\n\n\n<blockquote class=\"wp-block-quote is-layout-flow wp-block-quote-is-layout-flow\"><p>&#8220;My husband and my second time here, our first time we knew we wanted to come back to celebrate our anniversary and we did just that. Such an amazing experience and a thoughtful, deliciously, wonderful dessert. Thank you to the team at La Belle Vie, we will have nothing but great things to tell everyone we know.&#8221;<\/p><cite>BM<\/cite><\/blockquote>\n\n\n\n<blockquote class=\"wp-block-quote is-layout-flow wp-block-quote-is-layout-flow\"><p>&#8220;Loved my food, view and staff here.&nbsp; We had the lunch time two course which I couldn&#8217;t believe the quality for the price it was delicious.&nbsp; Can&#8217;t wait to bring my girlfriends here.&nbsp; The vibe is just gorgeous.&#8221;&nbsp;<\/p><cite>Amy Hughes<\/cite><\/blockquote>\n\n\n\n<blockquote class=\"wp-block-quote is-layout-flow wp-block-quote-is-layout-flow\"><p>&#8220;Such a great dining experience &#8230; it was our first time and we both went with the steak and beans on the side. Both steaks were cooked perfectly to medium rare and the beans were delicious. Service was great as was the ambiance. lots of other happy faces around as well.&nbsp; We&#8217;ll be back for sure.&#8221;<\/p><cite>David Pryde<\/cite><\/blockquote>\n\n\n\n<iframe src=\"https:\/\/www.google.com\/maps\/embed?pb=!1m18!1m12!1m3!1d5956.427759980789!2d152.98368421038174!3d-27.459584764037196!2m3!1f0!2f0!3f0!3m2!1i1024!2i768!4f13.1!3m3!1m2!1s0x0%3A0x33b83caafc9356a!2sLa%20Belle%20Vie!5e1!3m2!1sen!2sph!4v1638147106858!5m2!1sen!2sph\" width=\"800\" height=\"450\" style=\"border:0;\" allowfullscreen=\"\" loading=\"lazy\"><\/iframe>\n\n\n\n<p><\/p>\n","protected":false},"excerpt":{"rendered":"<p>For a taste of authentic French cuisine, La Belle Vie, located in the beautiful hills of Bardon, lives up to the promise of a &#8220;Good Life.&#8221; Led by head chef Samuel Perrin, the revitalised restaurant, which changed hands in mid-2020, has found the right recipe for success despite a challenging time for the industry. Read: &hellip; <a href=\"https:\/\/bardonnews.com.au\/index.php\/la-belle-vie-in-bardon-lives-up-to-the-promise-of-a-good-life\/\" class=\"more-link\">Continue reading<span class=\"screen-reader-text\"> &#8220;La Belle Vie in Bardon Lives Up to the Promise of a &#8216;Good Life&#8217;&#8221;<\/span><\/a><\/p>\n","protected":false},"author":11,"featured_media":7152,"parent":0,"menu_order":0,"comment_status":"closed","ping_status":"closed","template":"","meta":{"footnotes":""},"categories":[19],"tags":[14,259],"class_list":["post-7148","page","type-page","status-publish","has-post-thumbnail","hentry","category-homepage-latest-news","tag-bardon","tag-la-belle-vie"],"yoast_head":"<!-- This site is optimized with the Yoast SEO plugin v26.4 - https:\/\/yoast.com\/wordpress\/plugins\/seo\/ -->\n<title>La Belle Vie in Bardon Lives Up to the Promise of a &#039;Good Life&#039; - Bardon News<\/title>\n<meta name=\"description\" content=\"For a taste of authentic French cuisine, La Belle Vie, located in the beautiful hills of Bardon, lives up to the promise of a &quot;Good Life.&quot;\" \/>\n<meta name=\"robots\" content=\"index, follow, max-snippet:-1, max-image-preview:large, max-video-preview:-1\" \/>\n<link rel=\"canonical\" href=\"https:\/\/bardonnews.com.au\/index.php\/la-belle-vie-in-bardon-lives-up-to-the-promise-of-a-good-life\/\" \/>\n<meta property=\"og:locale\" content=\"en_US\" \/>\n<meta property=\"og:type\" content=\"article\" \/>\n<meta property=\"og:title\" content=\"La Belle Vie in Bardon Lives Up to the Promise of a &#039;Good Life&#039; - Bardon News\" \/>\n<meta property=\"og:description\" content=\"For a taste of authentic French cuisine, La Belle Vie, located in the beautiful hills of Bardon, lives up to the promise of a &quot;Good Life.&quot;\" \/>\n<meta property=\"og:url\" content=\"https:\/\/bardonnews.com.au\/index.php\/la-belle-vie-in-bardon-lives-up-to-the-promise-of-a-good-life\/\" \/>\n<meta property=\"og:site_name\" content=\"Bardon News\" \/>\n<meta property=\"article:modified_time\" content=\"2021-11-29T02:02:12+00:00\" \/>\n<meta property=\"og:image\" content=\"https:\/\/bardonnews.com.au\/wp-content\/uploads\/2021\/11\/BardonLabelleFI.jpg\" \/>\n\t<meta property=\"og:image:width\" content=\"1200\" \/>\n\t<meta property=\"og:image:height\" content=\"628\" \/>\n\t<meta property=\"og:image:type\" content=\"image\/jpeg\" \/>\n<meta name=\"twitter:card\" content=\"summary_large_image\" \/>\n<meta name=\"twitter:label1\" content=\"Est. reading time\" \/>\n\t<meta name=\"twitter:data1\" content=\"3 minutes\" \/>\n<script type=\"application\/ld+json\" class=\"yoast-schema-graph\">{\"@context\":\"https:\/\/schema.org\",\"@graph\":[{\"@type\":\"WebPage\",\"@id\":\"https:\/\/bardonnews.com.au\/index.php\/la-belle-vie-in-bardon-lives-up-to-the-promise-of-a-good-life\/\",\"url\":\"https:\/\/bardonnews.com.au\/index.php\/la-belle-vie-in-bardon-lives-up-to-the-promise-of-a-good-life\/\",\"name\":\"La Belle Vie in Bardon Lives Up to the Promise of a 'Good Life' - Bardon News\",\"isPartOf\":{\"@id\":\"https:\/\/bardonnews.com.au\/#website\"},\"primaryImageOfPage\":{\"@id\":\"https:\/\/bardonnews.com.au\/index.php\/la-belle-vie-in-bardon-lives-up-to-the-promise-of-a-good-life\/#primaryimage\"},\"image\":{\"@id\":\"https:\/\/bardonnews.com.au\/index.php\/la-belle-vie-in-bardon-lives-up-to-the-promise-of-a-good-life\/#primaryimage\"},\"thumbnailUrl\":\"https:\/\/bardonnews.com.au\/wp-content\/uploads\/2021\/11\/BardonLabelleFI.jpg\",\"datePublished\":\"2021-11-29T02:01:01+00:00\",\"dateModified\":\"2021-11-29T02:02:12+00:00\",\"description\":\"For a taste of authentic French cuisine, La Belle Vie, located in the beautiful hills of Bardon, lives up to the promise of a \\\"Good Life.\\\"\",\"breadcrumb\":{\"@id\":\"https:\/\/bardonnews.com.au\/index.php\/la-belle-vie-in-bardon-lives-up-to-the-promise-of-a-good-life\/#breadcrumb\"},\"inLanguage\":\"en-AU\",\"potentialAction\":[{\"@type\":\"ReadAction\",\"target\":[\"https:\/\/bardonnews.com.au\/index.php\/la-belle-vie-in-bardon-lives-up-to-the-promise-of-a-good-life\/\"]}]},{\"@type\":\"ImageObject\",\"inLanguage\":\"en-AU\",\"@id\":\"https:\/\/bardonnews.com.au\/index.php\/la-belle-vie-in-bardon-lives-up-to-the-promise-of-a-good-life\/#primaryimage\",\"url\":\"https:\/\/bardonnews.com.au\/wp-content\/uploads\/2021\/11\/BardonLabelleFI.jpg\",\"contentUrl\":\"https:\/\/bardonnews.com.au\/wp-content\/uploads\/2021\/11\/BardonLabelleFI.jpg\",\"width\":1200,\"height\":628,\"caption\":\"La Belle Vie\"},{\"@type\":\"BreadcrumbList\",\"@id\":\"https:\/\/bardonnews.com.au\/index.php\/la-belle-vie-in-bardon-lives-up-to-the-promise-of-a-good-life\/#breadcrumb\",\"itemListElement\":[{\"@type\":\"ListItem\",\"position\":1,\"name\":\"Home\",\"item\":\"https:\/\/bardonnews.com.au\/\"},{\"@type\":\"ListItem\",\"position\":2,\"name\":\"La Belle Vie in Bardon Lives Up to the Promise of a &#8216;Good Life&#8217;\"}]},{\"@type\":\"WebSite\",\"@id\":\"https:\/\/bardonnews.com.au\/#website\",\"url\":\"https:\/\/bardonnews.com.au\/\",\"name\":\"Bardon News\",\"description\":\"News and other stories about real people, places, and events in Bardon and nearby suburbs.\",\"potentialAction\":[{\"@type\":\"SearchAction\",\"target\":{\"@type\":\"EntryPoint\",\"urlTemplate\":\"https:\/\/bardonnews.com.au\/?s={search_term_string}\"},\"query-input\":{\"@type\":\"PropertyValueSpecification\",\"valueRequired\":true,\"valueName\":\"search_term_string\"}}],\"inLanguage\":\"en-AU\"}]}<\/script>\n<!-- \/ Yoast SEO plugin. -->","yoast_head_json":{"title":"La Belle Vie in Bardon Lives Up to the Promise of a 'Good Life' - Bardon News","description":"For a taste of authentic French cuisine, La Belle Vie, located in the beautiful hills of Bardon, lives up to the promise of a \"Good Life.\"","robots":{"index":"index","follow":"follow","max-snippet":"max-snippet:-1","max-image-preview":"max-image-preview:large","max-video-preview":"max-video-preview:-1"},"canonical":"https:\/\/bardonnews.com.au\/index.php\/la-belle-vie-in-bardon-lives-up-to-the-promise-of-a-good-life\/","og_locale":"en_US","og_type":"article","og_title":"La Belle Vie in Bardon Lives Up to the Promise of a 'Good Life' - Bardon News","og_description":"For a taste of authentic French cuisine, La Belle Vie, located in the beautiful hills of Bardon, lives up to the promise of a \"Good Life.\"","og_url":"https:\/\/bardonnews.com.au\/index.php\/la-belle-vie-in-bardon-lives-up-to-the-promise-of-a-good-life\/","og_site_name":"Bardon News","article_modified_time":"2021-11-29T02:02:12+00:00","og_image":[{"width":1200,"height":628,"url":"https:\/\/bardonnews.com.au\/wp-content\/uploads\/2021\/11\/BardonLabelleFI.jpg","type":"image\/jpeg"}],"twitter_card":"summary_large_image","twitter_misc":{"Est. reading time":"3 minutes"},"schema":{"@context":"https:\/\/schema.org","@graph":[{"@type":"WebPage","@id":"https:\/\/bardonnews.com.au\/index.php\/la-belle-vie-in-bardon-lives-up-to-the-promise-of-a-good-life\/","url":"https:\/\/bardonnews.com.au\/index.php\/la-belle-vie-in-bardon-lives-up-to-the-promise-of-a-good-life\/","name":"La Belle Vie in Bardon Lives Up to the Promise of a 'Good Life' - Bardon News","isPartOf":{"@id":"https:\/\/bardonnews.com.au\/#website"},"primaryImageOfPage":{"@id":"https:\/\/bardonnews.com.au\/index.php\/la-belle-vie-in-bardon-lives-up-to-the-promise-of-a-good-life\/#primaryimage"},"image":{"@id":"https:\/\/bardonnews.com.au\/index.php\/la-belle-vie-in-bardon-lives-up-to-the-promise-of-a-good-life\/#primaryimage"},"thumbnailUrl":"https:\/\/bardonnews.com.au\/wp-content\/uploads\/2021\/11\/BardonLabelleFI.jpg","datePublished":"2021-11-29T02:01:01+00:00","dateModified":"2021-11-29T02:02:12+00:00","description":"For a taste of authentic French cuisine, La Belle Vie, located in the beautiful hills of Bardon, lives up to the promise of a \"Good Life.\"","breadcrumb":{"@id":"https:\/\/bardonnews.com.au\/index.php\/la-belle-vie-in-bardon-lives-up-to-the-promise-of-a-good-life\/#breadcrumb"},"inLanguage":"en-AU","potentialAction":[{"@type":"ReadAction","target":["https:\/\/bardonnews.com.au\/index.php\/la-belle-vie-in-bardon-lives-up-to-the-promise-of-a-good-life\/"]}]},{"@type":"ImageObject","inLanguage":"en-AU","@id":"https:\/\/bardonnews.com.au\/index.php\/la-belle-vie-in-bardon-lives-up-to-the-promise-of-a-good-life\/#primaryimage","url":"https:\/\/bardonnews.com.au\/wp-content\/uploads\/2021\/11\/BardonLabelleFI.jpg","contentUrl":"https:\/\/bardonnews.com.au\/wp-content\/uploads\/2021\/11\/BardonLabelleFI.jpg","width":1200,"height":628,"caption":"La Belle Vie"},{"@type":"BreadcrumbList","@id":"https:\/\/bardonnews.com.au\/index.php\/la-belle-vie-in-bardon-lives-up-to-the-promise-of-a-good-life\/#breadcrumb","itemListElement":[{"@type":"ListItem","position":1,"name":"Home","item":"https:\/\/bardonnews.com.au\/"},{"@type":"ListItem","position":2,"name":"La Belle Vie in Bardon Lives Up to the Promise of a &#8216;Good Life&#8217;"}]},{"@type":"WebSite","@id":"https:\/\/bardonnews.com.au\/#website","url":"https:\/\/bardonnews.com.au\/","name":"Bardon News","description":"News and other stories about real people, places, and events in Bardon and nearby suburbs.","potentialAction":[{"@type":"SearchAction","target":{"@type":"EntryPoint","urlTemplate":"https:\/\/bardonnews.com.au\/?s={search_term_string}"},"query-input":{"@type":"PropertyValueSpecification","valueRequired":true,"valueName":"search_term_string"}}],"inLanguage":"en-AU"}]}},"_links":{"self":[{"href":"https:\/\/bardonnews.com.au\/index.php\/wp-json\/wp\/v2\/pages\/7148","targetHints":{"allow":["GET"]}}],"collection":[{"href":"https:\/\/bardonnews.com.au\/index.php\/wp-json\/wp\/v2\/pages"}],"about":[{"href":"https:\/\/bardonnews.com.au\/index.php\/wp-json\/wp\/v2\/types\/page"}],"author":[{"embeddable":true,"href":"https:\/\/bardonnews.com.au\/index.php\/wp-json\/wp\/v2\/users\/11"}],"replies":[{"embeddable":true,"href":"https:\/\/bardonnews.com.au\/index.php\/wp-json\/wp\/v2\/comments?post=7148"}],"version-history":[{"count":0,"href":"https:\/\/bardonnews.com.au\/index.php\/wp-json\/wp\/v2\/pages\/7148\/revisions"}],"wp:featuredmedia":[{"embeddable":true,"href":"https:\/\/bardonnews.com.au\/index.php\/wp-json\/wp\/v2\/media\/7152"}],"wp:attachment":[{"href":"https:\/\/bardonnews.com.au\/index.php\/wp-json\/wp\/v2\/media?parent=7148"}],"wp:term":[{"taxonomy":"category","embeddable":true,"href":"https:\/\/bardonnews.com.au\/index.php\/wp-json\/wp\/v2\/categories?post=7148"},{"taxonomy":"post_tag","embeddable":true,"href":"https:\/\/bardonnews.com.au\/index.php\/wp-json\/wp\/v2\/tags?post=7148"}],"curies":[{"name":"wp","href":"https:\/\/api.w.org\/{rel}","templated":true}]}}